{"id":14313,"date":"2023-02-12T21:30:48","date_gmt":"2023-02-12T19:30:48","guid":{"rendered":"https:\/\/bentto.es\/nosaltres\/"},"modified":"2025-01-15T18:23:55","modified_gmt":"2025-01-15T16:23:55","slug":"nosaltres","status":"publish","type":"page","link":"https:\/\/bentto.es\/ca\/nosaltres\/","title":{"rendered":"Nosaltres"},"content":{"rendered":"\t\t<div data-elementor-type=\"wp-page\" data-elementor-id=\"14313\" class=\"elementor elementor-14313 elementor-10737\" data-elementor-post-type=\"page\">\n\t\t\t\t\t\t<section class=\"elementor-section elementor-top-section elementor-element elementor-element-61fdde2 elementor-section-stretched elementor-section-height-min-height elementor-section-boxed elementor-section-height-default elementor-section-items-middle\" data-id=\"61fdde2\" data-element_type=\"section\" data-settings=\"{&quot;stretch_section&quot;:&quot;section-stretched&quot;,&quot;background_background&quot;:&quot;classic&quot;}\">\n\t\t\t\t\t\t\t<div class=\"elementor-background-overlay\"><\/div>\n\t\t\t\t\t\t\t<div class=\"elementor-container elementor-column-gap-default\">\n\t\t\t\t\t<div class=\"elementor-column elementor-col-100 elementor-top-column elementor-element elementor-element-40013c17\" data-id=\"40013c17\" data-element_type=\"column\">\n\t\t\t<div class=\"elementor-widget-wrap elementor-element-populated\">\n\t\t\t\t\t\t<div class=\"elementor-element elementor-element-1d4f46f4 elementor-headline--style-rotate elementor-widget elementor-widget-animated-headline\" data-id=\"1d4f46f4\" data-element_type=\"widget\" data-settings=\"{&quot;headline_style&quot;:&quot;rotate&quot;,&quot;animation_type&quot;:&quot;slide-down&quot;,&quot;rotating_text&quot;:&quot;per gent d&#039;avui\\nque et far\\u00e0 dir Mmm...\\ncontempor\\u00e0nia&quot;,&quot;loop&quot;:&quot;yes&quot;,&quot;rotate_iteration_delay&quot;:2500}\" data-widget_type=\"animated-headline.default\">\n\t\t\t\t<div class=\"elementor-widget-container\">\n\t\t\t\t\t\t\t<h2 class=\"elementor-headline elementor-headline-animation-type-slide-down\">\n\t\t\t\t\t<span class=\"elementor-headline-plain-text elementor-headline-text-wrapper\">La cuina tradicional<\/span>\n\t\t\t\t<span class=\"elementor-headline-dynamic-wrapper elementor-headline-text-wrapper\">\n\t\t\t\t\t<span class=\"elementor-headline-dynamic-text elementor-headline-text-active\">\n\t\t\t\tper&nbsp;gent&nbsp;d'avui\t\t\t<\/span>\n\t\t\t\t\t<span class=\"elementor-headline-dynamic-text\">\n\t\t\t\tque&nbsp;et&nbsp;far\u00e0&nbsp;dir&nbsp;Mmm...\t\t\t<\/span>\n\t\t\t\t\t<span class=\"elementor-headline-dynamic-text\">\n\t\t\t\tcontempor\u00e0nia\t\t\t<\/span>\n\t\t\t\t\t\t<\/span>\n\t\t\t\t<\/h2>\n\t\t\t\t\t\t<\/div>\n\t\t\t\t<\/div>\n\t\t\t\t\t<\/div>\n\t\t<\/div>\n\t\t\t\t\t<\/div>\n\t\t<\/section>\n\t\t\t\t<section class=\"elementor-section elementor-top-section elementor-element elementor-element-7b94329b elementor-section-boxed elementor-section-height-default elementor-section-height-default\" data-id=\"7b94329b\" data-element_type=\"section\">\n\t\t\t\t\t\t<div class=\"elementor-container elementor-column-gap-default\">\n\t\t\t\t\t<div class=\"elementor-column elementor-col-100 elementor-top-column elementor-element elementor-element-4d3d35a9\" data-id=\"4d3d35a9\" data-element_type=\"column\">\n\t\t\t<div class=\"elementor-widget-wrap elementor-element-populated\">\n\t\t\t\t\t\t<div class=\"elementor-element elementor-element-4fe230b elementor-widget elementor-widget-spacer\" data-id=\"4fe230b\" data-element_type=\"widget\" data-widget_type=\"spacer.default\">\n\t\t\t\t<div class=\"elementor-widget-container\">\n\t\t\t\t\t\t\t<div class=\"elementor-spacer\">\n\t\t\t<div class=\"elementor-spacer-inner\"><\/div>\n\t\t<\/div>\n\t\t\t\t\t\t<\/div>\n\t\t\t\t<\/div>\n\t\t\t\t\t<\/div>\n\t\t<\/div>\n\t\t\t\t\t<\/div>\n\t\t<\/section>\n\t\t\t\t<section class=\"elementor-section elementor-top-section elementor-element elementor-element-30bbdce5 elementor-section-boxed elementor-section-height-default elementor-section-height-default\" data-id=\"30bbdce5\" data-element_type=\"section\">\n\t\t\t\t\t\t<div class=\"elementor-container elementor-column-gap-default\">\n\t\t\t\t\t<div class=\"elementor-column elementor-col-100 elementor-top-column elementor-element elementor-element-6ac79ece\" data-id=\"6ac79ece\" data-element_type=\"column\">\n\t\t\t<div class=\"elementor-widget-wrap elementor-element-populated\">\n\t\t\t\t\t\t<div class=\"elementor-element elementor-element-522f8468 elementor-widget elementor-widget-text-editor\" data-id=\"522f8468\" data-element_type=\"widget\" data-widget_type=\"text-editor.default\">\n\t\t\t\t<div class=\"elementor-widget-container\">\n\t\t\t\t\t\t\t\t\t<h2 style=\"text-align: center;\">20 anys entre fogons, ara directes a la teva oficina<\/h2>\n\t\t\t\t\t\t\t\t<\/div>\n\t\t\t\t<\/div>\n\t\t\t\t\t<\/div>\n\t\t<\/div>\n\t\t\t\t\t<\/div>\n\t\t<\/section>\n\t\t\t\t<section class=\"elementor-section elementor-top-section elementor-element elementor-element-4a9e993e elementor-section-content-middle elementor-section-boxed elementor-section-height-default elementor-section-height-default\" data-id=\"4a9e993e\" data-element_type=\"section\" data-settings=\"{&quot;background_background&quot;:&quot;classic&quot;}\">\n\t\t\t\t\t\t<div class=\"elementor-container elementor-column-gap-no\">\n\t\t\t\t\t<div class=\"elementor-column elementor-col-50 elementor-top-column elementor-element elementor-element-641a2dd4\" data-id=\"641a2dd4\" data-element_type=\"column\">\n\t\t\t<div class=\"elementor-widget-wrap elementor-element-populated\">\n\t\t\t\t\t\t<div class=\"elementor-element elementor-element-44975fb5 elementor-widget elementor-widget-image\" data-id=\"44975fb5\" data-element_type=\"widget\" data-widget_type=\"image.default\">\n\t\t\t\t<div class=\"elementor-widget-container\">\n\t\t\t\t\t\t\t\t\t\t\t\t\t\t\t<img fetchpriority=\"high\" decoding=\"async\" width=\"2000\" height=\"1730\" src=\"https:\/\/bentto.es\/wp-content\/uploads\/2021\/04\/Isma-y-Mikel.jpg\" class=\"attachment-full size-full wp-image-13095\" alt=\"\" srcset=\"https:\/\/bentto.es\/wp-content\/uploads\/2021\/04\/Isma-y-Mikel.jpg 2000w, https:\/\/bentto.es\/wp-content\/uploads\/2021\/04\/Isma-y-Mikel-300x260.jpg 300w, https:\/\/bentto.es\/wp-content\/uploads\/2021\/04\/Isma-y-Mikel-1024x886.jpg 1024w, https:\/\/bentto.es\/wp-content\/uploads\/2021\/04\/Isma-y-Mikel-768x664.jpg 768w, https:\/\/bentto.es\/wp-content\/uploads\/2021\/04\/Isma-y-Mikel-1536x1329.jpg 1536w, https:\/\/bentto.es\/wp-content\/uploads\/2021\/04\/Isma-y-Mikel-75x65.jpg 75w, https:\/\/bentto.es\/wp-content\/uploads\/2021\/04\/Isma-y-Mikel-800x692.jpg 800w\" sizes=\"(max-width: 2000px) 100vw, 2000px\" \/>\t\t\t\t\t\t\t\t\t\t\t\t\t\t\t<\/div>\n\t\t\t\t<\/div>\n\t\t\t\t\t<\/div>\n\t\t<\/div>\n\t\t\t\t<div class=\"elementor-column elementor-col-50 elementor-top-column elementor-element elementor-element-4af52ac5\" data-id=\"4af52ac5\" data-element_type=\"column\">\n\t\t\t<div class=\"elementor-widget-wrap elementor-element-populated\">\n\t\t\t\t\t\t<div class=\"elementor-element elementor-element-45df059e elementor-widget elementor-widget-heading\" data-id=\"45df059e\" data-element_type=\"widget\" data-widget_type=\"heading.default\">\n\t\t\t\t<div class=\"elementor-widget-container\">\n\t\t\t\t\t<h2 class=\"elementor-heading-title elementor-size-default\">El nostre origen<\/h2>\t\t\t\t<\/div>\n\t\t\t\t<\/div>\n\t\t\t\t<div class=\"elementor-element elementor-element-fed528b elementor-widget elementor-widget-text-editor\" data-id=\"fed528b\" data-element_type=\"widget\" data-widget_type=\"text-editor.default\">\n\t\t\t\t<div class=\"elementor-widget-container\">\n\t\t\t\t\t\t\t\t\t<p>Bentto \u00e9s un equip ple de Il\u00b7lusi\u00f3, experi\u00e8ncia darrera dels fogons i ganes de cuinar bon menjar.<\/p>\n<\/p>\n<p><b>L&#8217;Ismael i el Mikel<\/b> es coneixen treballant junts a l&#8217;<b>Hotel Mandar\u00edn Oriental<\/b> i despr\u00e9s d&#8217;una llarga traject\u00f2ria per separat decideixen muntar el seu propi restaurant de menjar a domicili a Barcelona.<\/p>\n<\/p>\n<p>Ens encanta el cullereig, untar, sentir aquest Mmmm mentre tanques els ulls i respires pel nas amb el menjar a la boca\u2026. la pasta, la carn que gaireb\u00e9 es desf\u00e0 sense tocar-la, les amanides, les cremetes que entonen el cos o el refresquen, peixos a la seva justa cocci\u00f3\u2026<\/p>\n\t\t\t\t\t\t\t\t<\/div>\n\t\t\t\t<\/div>\n\t\t\t\t\t<\/div>\n\t\t<\/div>\n\t\t\t\t\t<\/div>\n\t\t<\/section>\n\t\t\t\t<section class=\"elementor-section elementor-top-section elementor-element elementor-element-7ce96940 elementor-section-content-middle elementor-reverse-mobile elementor-section-stretched elementor-section-boxed elementor-section-height-default elementor-section-height-default\" data-id=\"7ce96940\" data-element_type=\"section\" data-settings=\"{&quot;background_background&quot;:&quot;classic&quot;,&quot;stretch_section&quot;:&quot;section-stretched&quot;}\">\n\t\t\t\t\t\t<div class=\"elementor-container elementor-column-gap-no\">\n\t\t\t\t\t<div class=\"elementor-column elementor-col-50 elementor-top-column elementor-element elementor-element-3a8be81\" data-id=\"3a8be81\" data-element_type=\"column\">\n\t\t\t<div class=\"elementor-widget-wrap elementor-element-populated\">\n\t\t\t\t\t\t<div class=\"elementor-element elementor-element-8a414b7 elementor-widget elementor-widget-heading\" data-id=\"8a414b7\" data-element_type=\"widget\" data-widget_type=\"heading.default\">\n\t\t\t\t<div class=\"elementor-widget-container\">\n\t\t\t\t\t<h2 class=\"elementor-heading-title elementor-size-default\">Ismael Alonso<\/h2>\t\t\t\t<\/div>\n\t\t\t\t<\/div>\n\t\t\t\t<div class=\"elementor-element elementor-element-a44c6f8 elementor-widget elementor-widget-text-editor\" data-id=\"a44c6f8\" data-element_type=\"widget\" data-widget_type=\"text-editor.default\">\n\t\t\t\t<div class=\"elementor-widget-container\">\n\t\t\t\t\t\t\t\t\tIsmael \u00e9s <b>xef i consultor gastron\u00f2mic.<\/b> En els darrers 20 anys, ha desenvolupat projectes culinaris per a restaurants i hotels per tot el m\u00f3n: Xile, Brasil, Fran\u00e7a, It\u00e0lia, Portugal, Jap\u00f3, Marroc, Argentina, Tail\u00e0ndia, Xina, Maldives i Estats Units.\n\nHa treballat com a xef de cuina juntament amb els referents del m\u00f3n de la gastronomia al nostre pa\u00eds. Si ets m\u00e9s de curr\u00edculum, fes-li un ull al seu LinkedIn o a la seva\u00a0<a href=\"http:\/\/ismaelalonso.com\" target=\"_blank\" rel=\"noopener\">web personal<\/a>.\n\nAmb aquesta experi\u00e8ncia a la seva esquena va decidir fer un pas i convertir la seva gastronomia en petits luxes quotidians.\nEll creu que anar al m\u00e0xim de feina i menjar b\u00e9 no tenen per qu\u00e8 estar renyits.\n\nAmb aquesta idea neix <b>bentto<\/b>, el food delivery que estaves esperant.\t\t\t\t\t\t\t\t<\/div>\n\t\t\t\t<\/div>\n\t\t\t\t\t<\/div>\n\t\t<\/div>\n\t\t\t\t<div class=\"elementor-column elementor-col-50 elementor-top-column elementor-element elementor-element-47c7f7cf\" data-id=\"47c7f7cf\" data-element_type=\"column\">\n\t\t\t<div class=\"elementor-widget-wrap elementor-element-populated\">\n\t\t\t\t\t\t<div class=\"elementor-element elementor-element-1854e09e elementor-widget elementor-widget-image\" data-id=\"1854e09e\" data-element_type=\"widget\" data-widget_type=\"image.default\">\n\t\t\t\t<div class=\"elementor-widget-container\">\n\t\t\t\t\t\t\t\t\t\t\t\t\t\t\t<img decoding=\"async\" width=\"1080\" height=\"677\" src=\"https:\/\/bentto.es\/wp-content\/uploads\/2021\/01\/Ismael-Alonso-Bentto.jpg\" class=\"attachment-full size-full wp-image-12992\" alt=\"\" srcset=\"https:\/\/bentto.es\/wp-content\/uploads\/2021\/01\/Ismael-Alonso-Bentto.jpg 1080w, https:\/\/bentto.es\/wp-content\/uploads\/2021\/01\/Ismael-Alonso-Bentto-300x188.jpg 300w, https:\/\/bentto.es\/wp-content\/uploads\/2021\/01\/Ismael-Alonso-Bentto-1024x642.jpg 1024w, https:\/\/bentto.es\/wp-content\/uploads\/2021\/01\/Ismael-Alonso-Bentto-768x481.jpg 768w, https:\/\/bentto.es\/wp-content\/uploads\/2021\/01\/Ismael-Alonso-Bentto-800x501.jpg 800w\" sizes=\"(max-width: 1080px) 100vw, 1080px\" \/>\t\t\t\t\t\t\t\t\t\t\t\t\t\t\t<\/div>\n\t\t\t\t<\/div>\n\t\t\t\t\t<\/div>\n\t\t<\/div>\n\t\t\t\t\t<\/div>\n\t\t<\/section>\n\t\t\t\t<section class=\"elementor-section elementor-top-section elementor-element elementor-element-5deb5fab elementor-section-content-middle elementor-section-boxed elementor-section-height-default elementor-section-height-default\" data-id=\"5deb5fab\" data-element_type=\"section\" data-settings=\"{&quot;background_background&quot;:&quot;classic&quot;}\">\n\t\t\t\t\t\t<div class=\"elementor-container elementor-column-gap-no\">\n\t\t\t\t\t<div class=\"elementor-column elementor-col-50 elementor-top-column elementor-element elementor-element-68ae48d9\" data-id=\"68ae48d9\" data-element_type=\"column\">\n\t\t\t<div class=\"elementor-widget-wrap elementor-element-populated\">\n\t\t\t\t\t\t<div class=\"elementor-element elementor-element-547e6c15 elementor-widget elementor-widget-image\" data-id=\"547e6c15\" data-element_type=\"widget\" data-widget_type=\"image.default\">\n\t\t\t\t<div class=\"elementor-widget-container\">\n\t\t\t\t\t\t\t\t\t\t\t\t\t\t\t<img decoding=\"async\" width=\"2000\" height=\"2031\" src=\"https:\/\/bentto.es\/wp-content\/uploads\/2021\/04\/Mikel-y-Ximo.jpg\" class=\"attachment-full size-full wp-image-13096\" alt=\"\" srcset=\"https:\/\/bentto.es\/wp-content\/uploads\/2021\/04\/Mikel-y-Ximo.jpg 2000w, https:\/\/bentto.es\/wp-content\/uploads\/2021\/04\/Mikel-y-Ximo-295x300.jpg 295w, https:\/\/bentto.es\/wp-content\/uploads\/2021\/04\/Mikel-y-Ximo-1008x1024.jpg 1008w, https:\/\/bentto.es\/wp-content\/uploads\/2021\/04\/Mikel-y-Ximo-768x780.jpg 768w, https:\/\/bentto.es\/wp-content\/uploads\/2021\/04\/Mikel-y-Ximo-1513x1536.jpg 1513w, https:\/\/bentto.es\/wp-content\/uploads\/2021\/04\/Mikel-y-Ximo-800x812.jpg 800w\" sizes=\"(max-width: 2000px) 100vw, 2000px\" \/>\t\t\t\t\t\t\t\t\t\t\t\t\t\t\t<\/div>\n\t\t\t\t<\/div>\n\t\t\t\t\t<\/div>\n\t\t<\/div>\n\t\t\t\t<div class=\"elementor-column elementor-col-50 elementor-top-column elementor-element elementor-element-1ffe4968\" data-id=\"1ffe4968\" data-element_type=\"column\">\n\t\t\t<div class=\"elementor-widget-wrap elementor-element-populated\">\n\t\t\t\t\t\t<div class=\"elementor-element elementor-element-1f73466c elementor-widget elementor-widget-heading\" data-id=\"1f73466c\" data-element_type=\"widget\" data-widget_type=\"heading.default\">\n\t\t\t\t<div class=\"elementor-widget-container\">\n\t\t\t\t\t<h2 class=\"elementor-heading-title elementor-size-default\">Gent jove, cuina tradicional<\/h2>\t\t\t\t<\/div>\n\t\t\t\t<\/div>\n\t\t\t\t<div class=\"elementor-element elementor-element-68c3602 elementor-widget elementor-widget-text-editor\" data-id=\"68c3602\" data-element_type=\"widget\" data-widget_type=\"text-editor.default\">\n\t\t\t\t<div class=\"elementor-widget-container\">\n\t\t\t\t\t\t\t\t\t<p><span style=\"font-weight: 400;\">Fem plats que a nosaltres mateixos ens agradaria menjar al migdia<\/span>, <b>menjar tradicional<\/b> <span style=\"font-weight: 400;\">per\u00f2 amb la nostra pr\u00f2pia personalitat i sempre amb<\/span> <b>ingredients frescos.<\/b> <span style=\"font-weight: 400;\"><\/span><\/p>\n<p><\/p>\n<p><span style=\"font-weight: 400;\">Amb bentto et pots cuidar<\/span>, <b>donar-te un petit homenatge<\/b><span style=\"font-weight: 400;\"> o definitivament venir-te a dalt i posar-te la capa de sibarita m\u00e0xim. A casa teva o a l&#8217;oficina. A la <\/span><b>carta<\/b><span style=\"font-weight: 400;\"> o configurant al teu gust els nostres<\/span><b>men\u00fas del dia<\/b><span style=\"font-weight: 400;\">.<\/span><\/p>\n<p><\/p>\n<p><span style=\"color: var( --e-global-color-text ); background-color: var( --e-global-color-6c9a2597 );\">&nbsp;<\/span><\/p>\n<p><span style=\"color: var( --e-global-color-text ); background-color: var( --e-global-color-6c9a2597 );\">Prova bentto i sent aquest <b>Mmmm&#8230;<\/b><\/span><\/p>\t\t\t\t\t\t\t\t<\/div>\n\t\t\t\t<\/div>\n\t\t\t\t\t<\/div>\n\t\t<\/div>\n\t\t\t\t\t<\/div>\n\t\t<\/section>\n\t\t\t\t<section class=\"elementor-section elementor-top-section elementor-element elementor-element-f3c7afa elementor-section-height-min-height elementor-section-stretched elementor-section-boxed elementor-section-height-default elementor-section-items-middle\" data-id=\"f3c7afa\" data-element_type=\"section\" data-settings=\"{&quot;background_background&quot;:&quot;classic&quot;,&quot;stretch_section&quot;:&quot;section-stretched&quot;}\">\n\t\t\t\t\t\t<div class=\"elementor-container elementor-column-gap-default\">\n\t\t\t\t\t<div class=\"elementor-column elementor-col-50 elementor-top-column elementor-element elementor-element-6c7d2364\" data-id=\"6c7d2364\" data-element_type=\"column\">\n\t\t\t<div class=\"elementor-widget-wrap elementor-element-populated\">\n\t\t\t\t\t\t<div class=\"elementor-element elementor-element-548aa8e7 elementor-widget elementor-widget-heading\" data-id=\"548aa8e7\" data-element_type=\"widget\" data-widget_type=\"heading.default\">\n\t\t\t\t<div class=\"elementor-widget-container\">\n\t\t\t\t\t<h2 class=\"elementor-heading-title elementor-size-default\">Per a qualsevol consulta o suggeriment<\/h2>\t\t\t\t<\/div>\n\t\t\t\t<\/div>\n\t\t\t\t\t<\/div>\n\t\t<\/div>\n\t\t\t\t<div class=\"elementor-column elementor-col-50 elementor-top-column elementor-element elementor-element-6b316136\" data-id=\"6b316136\" data-element_type=\"column\">\n\t\t\t<div class=\"elementor-widget-wrap elementor-element-populated\">\n\t\t\t\t\t\t<div class=\"elementor-element elementor-element-2dea1b69 elementor-mobile-align-center elementor-widget elementor-widget-button\" data-id=\"2dea1b69\" data-element_type=\"widget\" data-widget_type=\"button.default\">\n\t\t\t\t<div class=\"elementor-widget-container\">\n\t\t\t\t\t\t\t\t\t<div class=\"elementor-button-wrapper\">\n\t\t\t\t\t<a class=\"elementor-button elementor-button-link elementor-size-md\" href=\"mailto:info@bentto.es\">\n\t\t\t\t\t\t<span class=\"elementor-button-content-wrapper\">\n\t\t\t\t\t\t<span class=\"elementor-button-icon\">\n\t\t\t\t<i aria-hidden=\"true\" class=\"fas fa-arrow-right\"><\/i>\t\t\t<\/span>\n\t\t\t\t\t\t\t\t\t<span class=\"elementor-button-text\">Escriu-nos aqu\u00ed<\/span>\n\t\t\t\t\t<\/span>\n\t\t\t\t\t<\/a>\n\t\t\t\t<\/div>\n\t\t\t\t\t\t\t\t<\/div>\n\t\t\t\t<\/div>\n\t\t\t\t\t<\/div>\n\t\t<\/div>\n\t\t\t\t\t<\/div>\n\t\t<\/section>\n\t\t\t\t<\/div>\n\t\t","protected":false},"excerpt":{"rendered":"<p>La cuina tradicional per&nbsp;gent&nbsp;d&#8217;avui que&nbsp;et&nbsp;far\u00e0&nbsp;dir&nbsp;Mmm&#8230; contempor\u00e0nia 20 anys entre fogons, ara directes a la teva oficina El nostre origen Bentto \u00e9s un equip ple de Il\u00b7lusi\u00f3, experi\u00e8ncia darrera dels fogons i ganes de cuinar bon menjar. L&#8217;Ismael i el Mikel es coneixen treballant junts a l&#8217;Hotel Mandar\u00edn Oriental i despr\u00e9s d&#8217;una llarga traject\u00f2ria per separat [&hellip;]<\/p>\n","protected":false},"author":4,"featured_media":0,"parent":0,"menu_order":0,"comment_status":"closed","ping_status":"closed","template":"","meta":{"_acf_changed":false,"inline_featured_image":false,"footnotes":""},"class_list":["post-14313","page","type-page","status-publish","hentry"],"acf":[],"_links":{"self":[{"href":"https:\/\/bentto.es\/ca\/wp-json\/wp\/v2\/pages\/14313","targetHints":{"allow":["GET"]}}],"collection":[{"href":"https:\/\/bentto.es\/ca\/wp-json\/wp\/v2\/pages"}],"about":[{"href":"https:\/\/bentto.es\/ca\/wp-json\/wp\/v2\/types\/page"}],"author":[{"embeddable":true,"href":"https:\/\/bentto.es\/ca\/wp-json\/wp\/v2\/users\/4"}],"replies":[{"embeddable":true,"href":"https:\/\/bentto.es\/ca\/wp-json\/wp\/v2\/comments?post=14313"}],"version-history":[{"count":0,"href":"https:\/\/bentto.es\/ca\/wp-json\/wp\/v2\/pages\/14313\/revisions"}],"wp:attachment":[{"href":"https:\/\/bentto.es\/ca\/wp-json\/wp\/v2\/media?parent=14313"}],"curies":[{"name":"wp","href":"https:\/\/api.w.org\/{rel}","templated":true}]}}